{"id":1212,"date":"2024-07-25T15:53:01","date_gmt":"2024-07-25T13:53:01","guid":{"rendered":"https:\/\/macchurros.com\/home\/"},"modified":"2024-10-22T09:52:12","modified_gmt":"2024-10-22T07:52:12","slug":"home","status":"publish","type":"page","link":"https:\/\/macchurros.com\/en\/","title":{"rendered":"Home"},"content":{"rendered":"\t\t<div data-elementor-type=\"wp-post\" data-elementor-id=\"1212\" class=\"elementor elementor-1212\" data-elementor-post-type=\"page\">\n\t\t\t\t<div data-particle_enable=\"false\" data-particle-mobile-disabled=\"false\" class=\"elementor-element elementor-element-891ac5f e-con-full e-flex e-con e-parent\" data-id=\"891ac5f\" data-element_type=\"container\" data-e-type=\"container\" data-settings=\"{&quot;background_background&quot;:&quot;slideshow&quot;,&quot;background_slideshow_gallery&quot;:[{&quot;id&quot;:17,&quot;url&quot;:&quot;https:\\\/\\\/macchurros.com\\\/wp-content\\\/uploads\\\/2024\\\/07\\\/macchurros.webp&quot;},{&quot;id&quot;:55,&quot;url&quot;:&quot;https:\\\/\\\/macchurros.com\\\/wp-content\\\/uploads\\\/2024\\\/07\\\/churros6.webp&quot;}],&quot;background_slideshow_ken_burns&quot;:&quot;yes&quot;,&quot;background_slideshow_loop&quot;:&quot;yes&quot;,&quot;background_slideshow_slide_duration&quot;:5000,&quot;background_slideshow_slide_transition&quot;:&quot;fade&quot;,&quot;background_slideshow_transition_duration&quot;:500,&quot;background_slideshow_ken_burns_zoom_direction&quot;:&quot;in&quot;}\">\n\t\t\t\t<div class=\"elementor-element elementor-element-5991459 elementor-widget elementor-widget-image\" data-id=\"5991459\" data-element_type=\"widget\" data-e-type=\"widget\" data-widget_type=\"image.default\">\n\t\t\t\t<div class=\"elementor-widget-container\">\n\t\t\t\t\t\t\t\t\t\t\t\t\t\t\t<img fetchpriority=\"high\" decoding=\"async\" width=\"417\" height=\"230\" src=\"https:\/\/macchurros.com\/wp-content\/uploads\/2024\/09\/MACCHURROS-LOGO-ORIGINAL.png\" class=\"attachment-large size-large wp-image-308\" alt=\"\" srcset=\"https:\/\/macchurros.com\/wp-content\/uploads\/2024\/09\/MACCHURROS-LOGO-ORIGINAL.png 417w, https:\/\/macchurros.com\/wp-content\/uploads\/2024\/09\/MACCHURROS-LOGO-ORIGINAL-300x165.png 300w\" sizes=\"(max-width: 417px) 100vw, 417px\" \/>\t\t\t\t\t\t\t\t\t\t\t\t\t\t\t<\/div>\n\t\t\t\t<\/div>\n\t\t\t\t<div class=\"elementor-element elementor-element-0e4f08e elementor-widget elementor-widget-heading\" data-id=\"0e4f08e\" data-element_type=\"widget\" data-e-type=\"widget\" data-widget_type=\"heading.default\">\n\t\t\t\t<div class=\"elementor-widget-container\">\n\t\t\t\t\t<h1 class=\"elementor-heading-title elementor-size-default\">CHURROS FRITOS CONGELADOS ARTESANALES\n<\/h1>\t\t\t\t<\/div>\n\t\t\t\t<\/div>\n\t\t\t\t<\/div>\n\t\t<div data-particle_enable=\"false\" data-particle-mobile-disabled=\"false\" class=\"elementor-element elementor-element-8881a35 e-flex e-con-boxed e-con e-parent\" data-id=\"8881a35\" data-element_type=\"container\" data-e-type=\"container\">\n\t\t\t\t\t<div class=\"e-con-inner\">\n\t\t<div data-particle_enable=\"false\" data-particle-mobile-disabled=\"false\" class=\"elementor-element elementor-element-d82e43c e-con-full e-flex elementor-invisible e-con e-child\" data-id=\"d82e43c\" data-element_type=\"container\" data-e-type=\"container\" data-settings=\"{&quot;animation&quot;:&quot;slideInDown&quot;}\">\n\t\t\t\t<div class=\"elementor-element elementor-element-5776198 elementor-widget elementor-widget-heading\" data-id=\"5776198\" data-element_type=\"widget\" data-e-type=\"widget\" data-widget_type=\"heading.default\">\n\t\t\t\t<div class=\"elementor-widget-container\">\n\t\t\t\t\t<h2 class=\"elementor-heading-title elementor-size-default\">Churros Congelados Artesanales para Distribuci\u00f3n y Supermercados<\/h2>\t\t\t\t<\/div>\n\t\t\t\t<\/div>\n\t\t\t\t<div class=\"elementor-element elementor-element-0595b39 elementor-widget elementor-widget-text-editor\" data-id=\"0595b39\" data-element_type=\"widget\" data-e-type=\"widget\" data-widget_type=\"text-editor.default\">\n\t\t\t\t<div class=\"elementor-widget-container\">\n\t\t\t\t\t\t\t\t\t<p>Bienvenido a Mac Churros, donde la tradici\u00f3n se encuentra con la innovaci\u00f3n. Ofrecemos churros congelados a granel y en bandejas, ideales para el sector alimentario y de servicios. Nuestros churros, elaborados con ingredientes 100% naturales, aseguran una textura crujiente y un sabor aut\u00e9ntico. Se pueden cocinar en horno, tostadora o freidoras de aire, listos en 3 minutos con resultados excepcionales en cada ocasi\u00f3n.<\/p>\t\t\t\t\t\t\t\t<\/div>\n\t\t\t\t<\/div>\n\t\t\t\t<\/div>\n\t\t<div data-particle_enable=\"false\" data-particle-mobile-disabled=\"false\" class=\"elementor-element elementor-element-00db5aa e-con-full e-flex elementor-invisible e-con e-child\" data-id=\"00db5aa\" data-element_type=\"container\" data-e-type=\"container\" data-settings=\"{&quot;background_background&quot;:&quot;classic&quot;,&quot;animation&quot;:&quot;slideInRight&quot;}\">\n\t\t\t\t<\/div>\n\t\t\t\t\t<\/div>\n\t\t\t\t<\/div>\n\t\t<div data-particle_enable=\"false\" data-particle-mobile-disabled=\"false\" class=\"elementor-element elementor-element-240f968 e-flex e-con-boxed elementor-invisible e-con e-parent\" data-id=\"240f968\" data-element_type=\"container\" data-e-type=\"container\" data-settings=\"{&quot;background_background&quot;:&quot;classic&quot;,&quot;animation&quot;:&quot;fadeInDown&quot;}\">\n\t\t\t\t\t<div class=\"e-con-inner\">\n\t\t\t\t<div class=\"elementor-element elementor-element-f360b60 elementor-widget elementor-widget-heading\" data-id=\"f360b60\" data-element_type=\"widget\" data-e-type=\"widget\" data-widget_type=\"heading.default\">\n\t\t\t\t<div class=\"elementor-widget-container\">\n\t\t\t\t\t<h2 class=\"elementor-heading-title elementor-size-default\">Listos en 3 minutos<\/h2>\t\t\t\t<\/div>\n\t\t\t\t<\/div>\n\t\t<div data-particle_enable=\"false\" data-particle-mobile-disabled=\"false\" class=\"elementor-element elementor-element-fc338be e-con-full e-flex e-con e-child\" data-id=\"fc338be\" data-element_type=\"container\" data-e-type=\"container\">\n\t\t\t\t<div class=\"elementor-element elementor-element-4c608b7 elementor-position-top elementor-position-top elementor-widget elementor-widget-image-box\" data-id=\"4c608b7\" data-element_type=\"widget\" data-e-type=\"widget\" data-widget_type=\"image-box.default\">\n\t\t\t\t<div class=\"elementor-widget-container\">\n\t\t\t\t\t<div class=\"elementor-image-box-wrapper\"><figure class=\"elementor-image-box-img\"><img decoding=\"async\" width=\"512\" height=\"512\" src=\"https:\/\/macchurros.com\/wp-content\/uploads\/2024\/09\/food_bl.png\" class=\"attachment-full size-full wp-image-921\" alt=\"\" srcset=\"https:\/\/macchurros.com\/wp-content\/uploads\/2024\/09\/food_bl.png 512w, https:\/\/macchurros.com\/wp-content\/uploads\/2024\/09\/food_bl-300x300.png 300w, https:\/\/macchurros.com\/wp-content\/uploads\/2024\/09\/food_bl-150x150.png 150w\" sizes=\"(max-width: 512px) 100vw, 512px\" \/><\/figure><div class=\"elementor-image-box-content\"><h3 class=\"elementor-image-box-title\">Air Fryer<\/h3><\/div><\/div>\t\t\t\t<\/div>\n\t\t\t\t<\/div>\n\t\t\t\t<div class=\"elementor-element elementor-element-28266df elementor-position-top elementor-position-top elementor-widget elementor-widget-image-box\" data-id=\"28266df\" data-element_type=\"widget\" data-e-type=\"widget\" data-widget_type=\"image-box.default\">\n\t\t\t\t<div class=\"elementor-widget-container\">\n\t\t\t\t\t<div class=\"elementor-image-box-wrapper\"><figure class=\"elementor-image-box-img\"><img decoding=\"async\" width=\"512\" height=\"512\" src=\"https:\/\/macchurros.com\/wp-content\/uploads\/2024\/09\/oven_bl.png\" class=\"attachment-full size-full wp-image-926\" alt=\"\" srcset=\"https:\/\/macchurros.com\/wp-content\/uploads\/2024\/09\/oven_bl.png 512w, https:\/\/macchurros.com\/wp-content\/uploads\/2024\/09\/oven_bl-300x300.png 300w, https:\/\/macchurros.com\/wp-content\/uploads\/2024\/09\/oven_bl-150x150.png 150w\" sizes=\"(max-width: 512px) 100vw, 512px\" \/><\/figure><div class=\"elementor-image-box-content\"><h3 class=\"elementor-image-box-title\">Horno<\/h3><\/div><\/div>\t\t\t\t<\/div>\n\t\t\t\t<\/div>\n\t\t\t\t<div class=\"elementor-element elementor-element-56e6f62 elementor-position-top elementor-position-top elementor-widget elementor-widget-image-box\" data-id=\"56e6f62\" data-element_type=\"widget\" data-e-type=\"widget\" data-widget_type=\"image-box.default\">\n\t\t\t\t<div class=\"elementor-widget-container\">\n\t\t\t\t\t<div class=\"elementor-image-box-wrapper\"><figure class=\"elementor-image-box-img\"><img loading=\"lazy\" decoding=\"async\" width=\"512\" height=\"512\" src=\"https:\/\/macchurros.com\/wp-content\/uploads\/2024\/09\/toaster_bl.png\" class=\"attachment-full size-full wp-image-931\" alt=\"\" srcset=\"https:\/\/macchurros.com\/wp-content\/uploads\/2024\/09\/toaster_bl.png 512w, https:\/\/macchurros.com\/wp-content\/uploads\/2024\/09\/toaster_bl-300x300.png 300w, https:\/\/macchurros.com\/wp-content\/uploads\/2024\/09\/toaster_bl-150x150.png 150w\" sizes=\"(max-width: 512px) 100vw, 512px\" \/><\/figure><div class=\"elementor-image-box-content\"><h3 class=\"elementor-image-box-title\">Tostadora<\/h3><\/div><\/div>\t\t\t\t<\/div>\n\t\t\t\t<\/div>\n\t\t\t\t<\/div>\n\t\t\t\t\t<\/div>\n\t\t\t\t<\/div>\n\t\t<div data-particle_enable=\"false\" data-particle-mobile-disabled=\"false\" class=\"elementor-element elementor-element-5e20a22 e-flex e-con-boxed e-con e-parent\" data-id=\"5e20a22\" data-element_type=\"container\" data-e-type=\"container\">\n\t\t\t\t\t<div class=\"e-con-inner\">\n\t\t<div data-particle_enable=\"false\" data-particle-mobile-disabled=\"false\" class=\"elementor-element elementor-element-8c19f92 e-con-full e-flex elementor-invisible e-con e-child\" data-id=\"8c19f92\" data-element_type=\"container\" data-e-type=\"container\" data-settings=\"{&quot;background_background&quot;:&quot;classic&quot;,&quot;animation&quot;:&quot;zoomIn&quot;}\">\n\t\t\t\t<div class=\"elementor-element elementor-element-6c6a257 elementor-invisible elementor-widget elementor-widget-image\" data-id=\"6c6a257\" data-element_type=\"widget\" data-e-type=\"widget\" data-settings=\"{&quot;_animation&quot;:&quot;fadeIn&quot;}\" data-widget_type=\"image.default\">\n\t\t\t\t<div class=\"elementor-widget-container\">\n\t\t\t\t\t\t\t\t\t\t\t\t\t\t\t<img loading=\"lazy\" decoding=\"async\" width=\"800\" height=\"534\" src=\"https:\/\/macchurros.com\/wp-content\/uploads\/2024\/08\/A19FGB_0944-1024x683.jpeg\" class=\"elementor-animation-grow attachment-large size-large wp-image-194\" alt=\"Churros con chocolate por encima\" srcset=\"https:\/\/macchurros.com\/wp-content\/uploads\/2024\/08\/A19FGB_0944-1024x683.jpeg 1024w, https:\/\/macchurros.com\/wp-content\/uploads\/2024\/08\/A19FGB_0944-300x200.jpeg 300w, https:\/\/macchurros.com\/wp-content\/uploads\/2024\/08\/A19FGB_0944-768x513.jpeg 768w, https:\/\/macchurros.com\/wp-content\/uploads\/2024\/08\/A19FGB_0944.jpeg 1500w\" sizes=\"(max-width: 800px) 100vw, 800px\" \/>\t\t\t\t\t\t\t\t\t\t\t\t\t\t\t<\/div>\n\t\t\t\t<\/div>\n\t\t\t\t<\/div>\n\t\t<div data-particle_enable=\"false\" data-particle-mobile-disabled=\"false\" class=\"elementor-element elementor-element-d34ac48 e-con-full e-flex elementor-invisible e-con e-child\" data-id=\"d34ac48\" data-element_type=\"container\" data-e-type=\"container\" data-settings=\"{&quot;animation&quot;:&quot;slideInUp&quot;}\">\n\t\t\t\t<div class=\"elementor-element elementor-element-f70d1ef elementor-widget elementor-widget-heading\" data-id=\"f70d1ef\" data-element_type=\"widget\" data-e-type=\"widget\" data-widget_type=\"heading.default\">\n\t\t\t\t<div class=\"elementor-widget-container\">\n\t\t\t\t\t<h2 class=\"elementor-heading-title elementor-size-default\">Ingredientes 100% naturales<\/h2>\t\t\t\t<\/div>\n\t\t\t\t<\/div>\n\t\t\t\t<div class=\"elementor-element elementor-element-eeb1e59 elementor-widget elementor-widget-text-editor\" data-id=\"eeb1e59\" data-element_type=\"widget\" data-e-type=\"widget\" data-widget_type=\"text-editor.default\">\n\t\t\t\t<div class=\"elementor-widget-container\">\n\t\t\t\t\t\t\t\t\t<p>En Mac Churros, elaboramos una masa \u00fanica con ingredientes 100% naturales de primera calidad, frita en aceite de oliva para ofrecer churros perfectos, crujientes y deliciosos, como reci\u00e9n salidos de la churrer\u00eda. Solo necesitas calentarlos para disfrutarlos, y gracias a su congelaci\u00f3n a bajas temperaturas, garantizamos una seguridad alimentaria \u00f3ptima.<\/p><p>Nuestros productos se adaptan a tu negocio, ya sea hotel, cafeter\u00eda, restaurante o tienda minorista, con opciones de churros y porras en distintos formatos y acabados. Con estrictos est\u00e1ndares de calidad y certificaciones internacionales como IFS, FDA y Kosher, nuestros churros mantienen su frescura y sabor en cada bocado, asegurando una experiencia \u00fanica para todos tus clientes. Tambi\u00e9n ofrecemos variedades con chocolate y estamos desarrollando nuevas propuestas para seguir innovando.<\/p><p>\u00a0<\/p>\t\t\t\t\t\t\t\t<\/div>\n\t\t\t\t<\/div>\n\t\t\t\t<\/div>\n\t\t\t\t\t<\/div>\n\t\t\t\t<\/div>\n\t\t<div data-particle_enable=\"false\" data-particle-mobile-disabled=\"false\" class=\"elementor-element elementor-element-40896fb e-flex e-con-boxed e-con e-parent\" data-id=\"40896fb\" data-element_type=\"container\" data-e-type=\"container\" data-settings=\"{&quot;background_background&quot;:&quot;classic&quot;}\">\n\t\t\t\t\t<div class=\"e-con-inner\">\n\t\t<div data-particle_enable=\"false\" data-particle-mobile-disabled=\"false\" class=\"elementor-element elementor-element-f0e1ada e-con-full e-flex elementor-invisible e-con e-child\" data-id=\"f0e1ada\" data-element_type=\"container\" data-e-type=\"container\" data-settings=\"{&quot;animation&quot;:&quot;slideInUp&quot;}\">\n\t\t\t\t<div class=\"elementor-element elementor-element-23e623c elementor-widget elementor-widget-heading\" data-id=\"23e623c\" data-element_type=\"widget\" data-e-type=\"widget\" data-widget_type=\"heading.default\">\n\t\t\t\t<div class=\"elementor-widget-container\">\n\t\t\t\t\t<h2 class=\"elementor-heading-title elementor-size-default\">\u00bfQui\u00e9nes son nuestros clientes?<\/h2>\t\t\t\t<\/div>\n\t\t\t\t<\/div>\n\t\t\t\t<div class=\"elementor-element elementor-element-f1cf23e elementor-widget elementor-widget-text-editor\" data-id=\"f1cf23e\" data-element_type=\"widget\" data-e-type=\"widget\" data-widget_type=\"text-editor.default\">\n\t\t\t\t<div class=\"elementor-widget-container\">\n\t\t\t\t\t\t\t\t\t<ul><li>Cadenas minoristas europeas de alimentos, m\u00e1s recientemente Corea del Sur.<br \/><br \/><\/li><li>Prestigiosas cadenas hoteleras.<br \/><br \/><\/li><li>Cafeter\u00edas y casas de chocolate en toda Espa\u00f1a y Europa.<\/li><\/ul>\t\t\t\t\t\t\t\t<\/div>\n\t\t\t\t<\/div>\n\t\t\t\t<\/div>\n\t\t<div data-particle_enable=\"false\" data-particle-mobile-disabled=\"false\" class=\"elementor-element elementor-element-432d01e e-con-full e-flex e-con e-child\" data-id=\"432d01e\" data-element_type=\"container\" data-e-type=\"container\" data-settings=\"{&quot;background_background&quot;:&quot;classic&quot;}\">\n\t\t\t\t<div class=\"elementor-element elementor-element-1f82988 elementor-invisible elementor-widget elementor-widget-image\" data-id=\"1f82988\" data-element_type=\"widget\" data-e-type=\"widget\" data-settings=\"{&quot;_animation&quot;:&quot;fadeIn&quot;}\" data-widget_type=\"image.default\">\n\t\t\t\t<div class=\"elementor-widget-container\">\n\t\t\t\t\t\t\t\t\t\t\t\t\t\t\t<img loading=\"lazy\" decoding=\"async\" width=\"500\" height=\"310\" src=\"https:\/\/macchurros.com\/wp-content\/uploads\/2024\/08\/CHURROS-MAPA.png\" class=\"elementor-animation-bounce-in attachment-large size-large wp-image-160\" alt=\"Mapa mundial en tono marr\u00f3n chocolate\" srcset=\"https:\/\/macchurros.com\/wp-content\/uploads\/2024\/08\/CHURROS-MAPA.png 500w, https:\/\/macchurros.com\/wp-content\/uploads\/2024\/08\/CHURROS-MAPA-300x186.png 300w\" sizes=\"(max-width: 500px) 100vw, 500px\" \/>\t\t\t\t\t\t\t\t\t\t\t\t\t\t\t<\/div>\n\t\t\t\t<\/div>\n\t\t\t\t<\/div>\n\t\t\t\t\t<\/div>\n\t\t\t\t<\/div>\n\t\t<div data-particle_enable=\"false\" data-particle-mobile-disabled=\"false\" class=\"elementor-element elementor-element-4bd6b74 e-flex e-con-boxed e-con e-parent\" data-id=\"4bd6b74\" data-element_type=\"container\" data-e-type=\"container\">\n\t\t\t\t\t<div class=\"e-con-inner\">\n\t\t\t\t<div class=\"elementor-element elementor-element-0c9b257 elementor-view-stacked elementor-widget__width-auto elementor-fixed elementor-shape-circle elementor-widget elementor-widget-icon\" data-id=\"0c9b257\" data-element_type=\"widget\" data-e-type=\"widget\" data-settings=\"{&quot;_position&quot;:&quot;fixed&quot;}\" data-widget_type=\"icon.default\">\n\t\t\t\t<div class=\"elementor-widget-container\">\n\t\t\t\t\t\t\t<div class=\"elementor-icon-wrapper\">\n\t\t\t<a class=\"elementor-icon elementor-animation-grow\" href=\"https:\/\/wa.me\/34695123104\" target=\"_blank\">\n\t\t\t<i aria-hidden=\"true\" class=\"fab fa-whatsapp\"><\/i>\t\t\t<\/a>\n\t\t<\/div>\n\t\t\t\t\t\t<\/div>\n\t\t\t\t<\/div>\n\t\t\t\t\t<\/div>\n\t\t\t\t<\/div>\n\t\t\t\t<\/div>\n\t\t","protected":false},"excerpt":{"rendered":"<p>FRIED FROZEN ARTISAN FRIED CHURROS Artisan Frozen Churros for Distribution and Supermarkets Welcome to Mac Churros, where tradition meets innovation. We offer frozen churros in bulk and in trays, ideal for the food and service sector. Our churros, made with 100% natural ingredients, ensure a crunchy texture and authentic flavor. They can be cooked in [&hellip;]<\/p>\n","protected":false},"author":1,"featured_media":0,"parent":0,"menu_order":0,"comment_status":"closed","ping_status":"closed","template":"","meta":{"footnotes":""},"class_list":["post-1212","page","type-page","status-publish","hentry"],"yoast_head":"<!-- This site is optimized with the Yoast SEO plugin v27.4 - https:\/\/yoast.com\/product\/yoast-seo-wordpress\/ -->\n<title>Mac Churros - Artisan Frozen Churros<\/title>\n<meta name=\"description\" content=\"Discover Mac Churros, handmade frozen churros in bulk and in trays. Handmade with natural ingredients.\" \/>\n<meta name=\"robots\" content=\"index, follow, max-snippet:-1, max-image-preview:large, max-video-preview:-1\" \/>\n<link rel=\"canonical\" href=\"https:\/\/macchurros.com\/en\/home\/\" \/>\n<meta property=\"og:locale\" content=\"en_US\" \/>\n<meta property=\"og:type\" content=\"article\" \/>\n<meta property=\"og:title\" content=\"Mac Churros - Artisan Frozen Churros\" \/>\n<meta property=\"og:description\" content=\"Discover Mac Churros, handmade frozen churros in bulk and in trays. Handmade with natural ingredients.\" \/>\n<meta property=\"og:url\" content=\"https:\/\/macchurros.com\/en\/home\/\" \/>\n<meta property=\"og:site_name\" content=\"Mac Churros\" \/>\n<meta property=\"article:modified_time\" content=\"2024-10-22T07:52:12+00:00\" \/>\n<meta property=\"og:image\" content=\"https:\/\/macchurros.com\/wp-content\/uploads\/2024\/09\/MACCHURROS-LOGO-ORIGINAL.png\" \/>\n\t<meta property=\"og:image:width\" content=\"417\" \/>\n\t<meta property=\"og:image:height\" content=\"230\" \/>\n\t<meta property=\"og:image:type\" content=\"image\/png\" \/>\n<meta name=\"twitter:card\" content=\"summary_large_image\" \/>\n<meta name=\"twitter:label1\" content=\"Est. reading time\" \/>\n\t<meta name=\"twitter:data1\" content=\"1 minute\" \/>\n<script type=\"application\/ld+json\" class=\"yoast-schema-graph\">{\"@context\":\"https:\\\/\\\/schema.org\",\"@graph\":[{\"@type\":\"WebPage\",\"@id\":\"https:\\\/\\\/macchurros.com\\\/en\\\/home\\\/\",\"url\":\"https:\\\/\\\/macchurros.com\\\/en\\\/home\\\/\",\"name\":\"Mac Churros - Artisan Frozen Churros\",\"isPartOf\":{\"@id\":\"https:\\\/\\\/macchurros.com\\\/#website\"},\"primaryImageOfPage\":{\"@id\":\"https:\\\/\\\/macchurros.com\\\/en\\\/home\\\/#primaryimage\"},\"image\":{\"@id\":\"https:\\\/\\\/macchurros.com\\\/en\\\/home\\\/#primaryimage\"},\"thumbnailUrl\":\"https:\\\/\\\/macchurros.com\\\/wp-content\\\/uploads\\\/2024\\\/09\\\/MACCHURROS-LOGO-ORIGINAL.png\",\"datePublished\":\"2024-07-25T13:53:01+00:00\",\"dateModified\":\"2024-10-22T07:52:12+00:00\",\"description\":\"Discover Mac Churros, handmade frozen churros in bulk and in trays. Handmade with natural ingredients.\",\"breadcrumb\":{\"@id\":\"https:\\\/\\\/macchurros.com\\\/en\\\/home\\\/#breadcrumb\"},\"inLanguage\":\"en-US\",\"potentialAction\":[{\"@type\":\"ReadAction\",\"target\":[\"https:\\\/\\\/macchurros.com\\\/en\\\/home\\\/\"]}]},{\"@type\":\"ImageObject\",\"inLanguage\":\"en-US\",\"@id\":\"https:\\\/\\\/macchurros.com\\\/en\\\/home\\\/#primaryimage\",\"url\":\"https:\\\/\\\/macchurros.com\\\/wp-content\\\/uploads\\\/2024\\\/09\\\/MACCHURROS-LOGO-ORIGINAL.png\",\"contentUrl\":\"https:\\\/\\\/macchurros.com\\\/wp-content\\\/uploads\\\/2024\\\/09\\\/MACCHURROS-LOGO-ORIGINAL.png\"},{\"@type\":\"BreadcrumbList\",\"@id\":\"https:\\\/\\\/macchurros.com\\\/en\\\/home\\\/#breadcrumb\",\"itemListElement\":[{\"@type\":\"ListItem\",\"position\":1,\"name\":\"Portada\",\"item\":\"https:\\\/\\\/macchurros.com\\\/en\\\/home\\\/\"},{\"@type\":\"ListItem\",\"position\":2,\"name\":\"Home\"}]},{\"@type\":\"WebSite\",\"@id\":\"https:\\\/\\\/macchurros.com\\\/#website\",\"url\":\"https:\\\/\\\/macchurros.com\\\/\",\"name\":\"Mac Churros\",\"description\":\"Churros Congelados Artesanales\",\"potentialAction\":[{\"@type\":\"SearchAction\",\"target\":{\"@type\":\"EntryPoint\",\"urlTemplate\":\"https:\\\/\\\/macchurros.com\\\/?s={search_term_string}\"},\"query-input\":{\"@type\":\"PropertyValueSpecification\",\"valueRequired\":true,\"valueName\":\"search_term_string\"}}],\"inLanguage\":\"en-US\"}]}<\/script>\n<!-- \/ Yoast SEO plugin. -->","yoast_head_json":{"title":"Mac Churros - Artisan Frozen Churros","description":"Discover Mac Churros, handmade frozen churros in bulk and in trays. Handmade with natural ingredients.","robots":{"index":"index","follow":"follow","max-snippet":"max-snippet:-1","max-image-preview":"max-image-preview:large","max-video-preview":"max-video-preview:-1"},"canonical":"https:\/\/macchurros.com\/en\/home\/","og_locale":"en_US","og_type":"article","og_title":"Mac Churros - Artisan Frozen Churros","og_description":"Discover Mac Churros, handmade frozen churros in bulk and in trays. Handmade with natural ingredients.","og_url":"https:\/\/macchurros.com\/en\/home\/","og_site_name":"Mac Churros","article_modified_time":"2024-10-22T07:52:12+00:00","og_image":[{"width":417,"height":230,"url":"https:\/\/macchurros.com\/wp-content\/uploads\/2024\/09\/MACCHURROS-LOGO-ORIGINAL.png","type":"image\/png"}],"twitter_card":"summary_large_image","twitter_misc":{"Est. reading time":"1 minute"},"schema":{"@context":"https:\/\/schema.org","@graph":[{"@type":"WebPage","@id":"https:\/\/macchurros.com\/en\/home\/","url":"https:\/\/macchurros.com\/en\/home\/","name":"Mac Churros - Artisan Frozen Churros","isPartOf":{"@id":"https:\/\/macchurros.com\/#website"},"primaryImageOfPage":{"@id":"https:\/\/macchurros.com\/en\/home\/#primaryimage"},"image":{"@id":"https:\/\/macchurros.com\/en\/home\/#primaryimage"},"thumbnailUrl":"https:\/\/macchurros.com\/wp-content\/uploads\/2024\/09\/MACCHURROS-LOGO-ORIGINAL.png","datePublished":"2024-07-25T13:53:01+00:00","dateModified":"2024-10-22T07:52:12+00:00","description":"Discover Mac Churros, handmade frozen churros in bulk and in trays. Handmade with natural ingredients.","breadcrumb":{"@id":"https:\/\/macchurros.com\/en\/home\/#breadcrumb"},"inLanguage":"en-US","potentialAction":[{"@type":"ReadAction","target":["https:\/\/macchurros.com\/en\/home\/"]}]},{"@type":"ImageObject","inLanguage":"en-US","@id":"https:\/\/macchurros.com\/en\/home\/#primaryimage","url":"https:\/\/macchurros.com\/wp-content\/uploads\/2024\/09\/MACCHURROS-LOGO-ORIGINAL.png","contentUrl":"https:\/\/macchurros.com\/wp-content\/uploads\/2024\/09\/MACCHURROS-LOGO-ORIGINAL.png"},{"@type":"BreadcrumbList","@id":"https:\/\/macchurros.com\/en\/home\/#breadcrumb","itemListElement":[{"@type":"ListItem","position":1,"name":"Portada","item":"https:\/\/macchurros.com\/en\/home\/"},{"@type":"ListItem","position":2,"name":"Home"}]},{"@type":"WebSite","@id":"https:\/\/macchurros.com\/#website","url":"https:\/\/macchurros.com\/","name":"Mac Churros","description":"Churros Congelados Artesanales","potentialAction":[{"@type":"SearchAction","target":{"@type":"EntryPoint","urlTemplate":"https:\/\/macchurros.com\/?s={search_term_string}"},"query-input":{"@type":"PropertyValueSpecification","valueRequired":true,"valueName":"search_term_string"}}],"inLanguage":"en-US"}]}},"_links":{"self":[{"href":"https:\/\/macchurros.com\/en\/wp-json\/wp\/v2\/pages\/1212","targetHints":{"allow":["GET"]}}],"collection":[{"href":"https:\/\/macchurros.com\/en\/wp-json\/wp\/v2\/pages"}],"about":[{"href":"https:\/\/macchurros.com\/en\/wp-json\/wp\/v2\/types\/page"}],"author":[{"embeddable":true,"href":"https:\/\/macchurros.com\/en\/wp-json\/wp\/v2\/users\/1"}],"replies":[{"embeddable":true,"href":"https:\/\/macchurros.com\/en\/wp-json\/wp\/v2\/comments?post=1212"}],"version-history":[{"count":1,"href":"https:\/\/macchurros.com\/en\/wp-json\/wp\/v2\/pages\/1212\/revisions"}],"predecessor-version":[{"id":1213,"href":"https:\/\/macchurros.com\/en\/wp-json\/wp\/v2\/pages\/1212\/revisions\/1213"}],"wp:attachment":[{"href":"https:\/\/macchurros.com\/en\/wp-json\/wp\/v2\/media?parent=1212"}],"curies":[{"name":"wp","href":"https:\/\/api.w.org\/{rel}","templated":true}]}}